{"id":1382,"date":"2020-01-13T22:38:29","date_gmt":"2020-01-13T22:38:29","guid":{"rendered":"https:\/\/xistocamping.com\/portal\/?page_id=1382"},"modified":"2023-01-04T18:14:03","modified_gmt":"2023-01-04T18:14:03","slug":"casa-das-papoilas","status":"publish","type":"page","link":"https:\/\/xistocamping.com\/portal\/alojamentos\/casa-das-papoilas\/","title":{"rendered":"Casa das Papoilas"},"content":{"rendered":"\t\t<div data-elementor-type=\"wp-page\" data-elementor-id=\"1382\" class=\"elementor elementor-1382\" data-elementor-settings=\"[]\">\n\t\t\t\t\t\t<div class=\"elementor-inner\">\n\t\t\t\t\t\t\t<div class=\"elementor-section-wrap\">\n\t\t\t\t\t\t\t<section class=\"has_eae_slider elementor-section elementor-top-section elementor-element elementor-element-12045c5 elementor-section-stretched elementor-section-boxed elementor-section-height-default elementor-section-height-default\" data-id=\"12045c5\" data-element_type=\"section\" data-settings=\"{&quot;stretch_section&quot;:&quot;section-stretched&quot;}\">\n\t\t\t\t\t\t<div class=\"elementor-container elementor-column-gap-default\">\n\t\t\t\t\t\t\t<div class=\"elementor-row\">\n\t\t\t\t\t<div class=\"has_eae_slider elementor-column elementor-col-100 elementor-top-column elementor-element elementor-element-c3ddb72\" data-id=\"c3ddb72\" data-element_type=\"column\">\n\t\t\t<div class=\"elementor-column-wrap elementor-element-populated\">\n\t\t\t\t\t\t\t<div class=\"elementor-widget-wrap\">\n\t\t\t\t\t\t<section class=\"has_eae_slider elementor-section elementor-inner-section elementor-element elementor-element-a97e973 elementor-section-boxed elementor-section-height-default elementor-section-height-default\" data-id=\"a97e973\" data-element_type=\"section\">\n\t\t\t\t\t\t<div class=\"elementor-container elementor-column-gap-default\">\n\t\t\t\t\t\t\t<div class=\"elementor-row\">\n\t\t\t\t\t<div class=\"has_eae_slider elementor-column elementor-col-50 elementor-inner-column elementor-element elementor-element-49a745f\" data-id=\"49a745f\" data-element_type=\"column\">\n\t\t\t<div class=\"elementor-column-wrap elementor-element-populated\">\n\t\t\t\t\t\t\t<div class=\"elementor-widget-wrap\">\n\t\t\t\t\t\t<div class=\"elementor-element elementor-element-6045eb8 elementor-arrows-position-inside elementor-widget elementor-widget-image-carousel\" data-id=\"6045eb8\" data-element_type=\"widget\" data-settings=\"{&quot;slides_to_show&quot;:&quot;1&quot;,&quot;navigation&quot;:&quot;arrows&quot;,&quot;autoplay&quot;:&quot;yes&quot;,&quot;pause_on_hover&quot;:&quot;yes&quot;,&quot;pause_on_interaction&quot;:&quot;yes&quot;,&quot;autoplay_speed&quot;:5000,&quot;infinite&quot;:&quot;yes&quot;,&quot;effect&quot;:&quot;slide&quot;,&quot;speed&quot;:500}\" data-widget_type=\"image-carousel.default\">\n\t\t\t\t<div class=\"elementor-widget-container\">\n\t\t\t\t\t<div class=\"elementor-image-carousel-wrapper swiper-container\" dir=\"ltr\">\n\t\t\t<div class=\"elementor-image-carousel swiper-wrapper\">\n\t\t\t\t\t\t\t\t<div class=\"swiper-slide\"><a data-elementor-open-lightbox=\"yes\" data-elementor-lightbox-slideshow=\"6045eb8\" data-elementor-lightbox-title=\"papoilas_07\" e-action-hash=\"#elementor-action%3Aaction%3Dlightbox%26settings%3DeyJpZCI6NTU4LCJ1cmwiOiJodHRwczpcL1wveGlzdG9jYW1waW5nLmNvbVwvcG9ydGFsXC93cC1jb250ZW50XC91cGxvYWRzXC8yMDE5XC8wM1wvcGFwb2lsYXNfMDcuanBnIiwic2xpZGVzaG93IjoiNjA0NWViOCJ9\" href=\"https:\/\/xistocamping.com\/portal\/wp-content\/uploads\/2019\/03\/papoilas_07.jpg\"><figure class=\"swiper-slide-inner\"><img class=\"swiper-slide-image\" src=\"https:\/\/xistocamping.com\/portal\/wp-content\/uploads\/2019\/03\/papoilas_07-768x576.jpg\" alt=\"papoilas_07\" \/><\/figure><\/a><\/div><div class=\"swiper-slide\"><a data-elementor-open-lightbox=\"yes\" data-elementor-lightbox-slideshow=\"6045eb8\" data-elementor-lightbox-title=\"papoilas_01\" e-action-hash=\"#elementor-action%3Aaction%3Dlightbox%26settings%3DeyJpZCI6NTUyLCJ1cmwiOiJodHRwczpcL1wveGlzdG9jYW1waW5nLmNvbVwvcG9ydGFsXC93cC1jb250ZW50XC91cGxvYWRzXC8yMDE5XC8wM1wvcGFwb2lsYXNfMDEuanBnIiwic2xpZGVzaG93IjoiNjA0NWViOCJ9\" href=\"https:\/\/xistocamping.com\/portal\/wp-content\/uploads\/2019\/03\/papoilas_01.jpg\"><figure class=\"swiper-slide-inner\"><img class=\"swiper-slide-image\" src=\"https:\/\/xistocamping.com\/portal\/wp-content\/uploads\/2019\/03\/papoilas_01-768x576.jpg\" alt=\"papoilas_01\" \/><\/figure><\/a><\/div><div class=\"swiper-slide\"><a data-elementor-open-lightbox=\"yes\" data-elementor-lightbox-slideshow=\"6045eb8\" data-elementor-lightbox-title=\"papoilas_02\" e-action-hash=\"#elementor-action%3Aaction%3Dlightbox%26settings%3DeyJpZCI6NTUzLCJ1cmwiOiJodHRwczpcL1wveGlzdG9jYW1waW5nLmNvbVwvcG9ydGFsXC93cC1jb250ZW50XC91cGxvYWRzXC8yMDE5XC8wM1wvcGFwb2lsYXNfMDIuanBnIiwic2xpZGVzaG93IjoiNjA0NWViOCJ9\" href=\"https:\/\/xistocamping.com\/portal\/wp-content\/uploads\/2019\/03\/papoilas_02.jpg\"><figure class=\"swiper-slide-inner\"><img class=\"swiper-slide-image\" src=\"https:\/\/xistocamping.com\/portal\/wp-content\/uploads\/2019\/03\/papoilas_02-768x576.jpg\" alt=\"papoilas_02\" \/><\/figure><\/a><\/div><div class=\"swiper-slide\"><a data-elementor-open-lightbox=\"yes\" data-elementor-lightbox-slideshow=\"6045eb8\" data-elementor-lightbox-title=\"papoilas_03\" e-action-hash=\"#elementor-action%3Aaction%3Dlightbox%26settings%3DeyJpZCI6NTU0LCJ1cmwiOiJodHRwczpcL1wveGlzdG9jYW1waW5nLmNvbVwvcG9ydGFsXC93cC1jb250ZW50XC91cGxvYWRzXC8yMDE5XC8wM1wvcGFwb2lsYXNfMDMuanBnIiwic2xpZGVzaG93IjoiNjA0NWViOCJ9\" href=\"https:\/\/xistocamping.com\/portal\/wp-content\/uploads\/2019\/03\/papoilas_03.jpg\"><figure class=\"swiper-slide-inner\"><img class=\"swiper-slide-image\" src=\"https:\/\/xistocamping.com\/portal\/wp-content\/uploads\/2019\/03\/papoilas_03-768x576.jpg\" alt=\"papoilas_03\" \/><\/figure><\/a><\/div><div class=\"swiper-slide\"><a data-elementor-open-lightbox=\"yes\" data-elementor-lightbox-slideshow=\"6045eb8\" data-elementor-lightbox-title=\"papoilas_04\" e-action-hash=\"#elementor-action%3Aaction%3Dlightbox%26settings%3DeyJpZCI6NTU1LCJ1cmwiOiJodHRwczpcL1wveGlzdG9jYW1waW5nLmNvbVwvcG9ydGFsXC93cC1jb250ZW50XC91cGxvYWRzXC8yMDE5XC8wM1wvcGFwb2lsYXNfMDQuanBnIiwic2xpZGVzaG93IjoiNjA0NWViOCJ9\" href=\"https:\/\/xistocamping.com\/portal\/wp-content\/uploads\/2019\/03\/papoilas_04.jpg\"><figure class=\"swiper-slide-inner\"><img class=\"swiper-slide-image\" src=\"https:\/\/xistocamping.com\/portal\/wp-content\/uploads\/2019\/03\/papoilas_04-768x576.jpg\" alt=\"papoilas_04\" \/><\/figure><\/a><\/div><div class=\"swiper-slide\"><a data-elementor-open-lightbox=\"yes\" data-elementor-lightbox-slideshow=\"6045eb8\" data-elementor-lightbox-title=\"papoilas_05\" e-action-hash=\"#elementor-action%3Aaction%3Dlightbox%26settings%3DeyJpZCI6NTU2LCJ1cmwiOiJodHRwczpcL1wveGlzdG9jYW1waW5nLmNvbVwvcG9ydGFsXC93cC1jb250ZW50XC91cGxvYWRzXC8yMDE5XC8wM1wvcGFwb2lsYXNfMDUuanBnIiwic2xpZGVzaG93IjoiNjA0NWViOCJ9\" href=\"https:\/\/xistocamping.com\/portal\/wp-content\/uploads\/2019\/03\/papoilas_05.jpg\"><figure class=\"swiper-slide-inner\"><img class=\"swiper-slide-image\" src=\"https:\/\/xistocamping.com\/portal\/wp-content\/uploads\/2019\/03\/papoilas_05-768x576.jpg\" alt=\"papoilas_05\" \/><\/figure><\/a><\/div><div class=\"swiper-slide\"><a data-elementor-open-lightbox=\"yes\" data-elementor-lightbox-slideshow=\"6045eb8\" data-elementor-lightbox-title=\"papoilas_06\" e-action-hash=\"#elementor-action%3Aaction%3Dlightbox%26settings%3DeyJpZCI6NTU3LCJ1cmwiOiJodHRwczpcL1wveGlzdG9jYW1waW5nLmNvbVwvcG9ydGFsXC93cC1jb250ZW50XC91cGxvYWRzXC8yMDE5XC8wM1wvcGFwb2lsYXNfMDYuanBnIiwic2xpZGVzaG93IjoiNjA0NWViOCJ9\" href=\"https:\/\/xistocamping.com\/portal\/wp-content\/uploads\/2019\/03\/papoilas_06.jpg\"><figure class=\"swiper-slide-inner\"><img class=\"swiper-slide-image\" src=\"https:\/\/xistocamping.com\/portal\/wp-content\/uploads\/2019\/03\/papoilas_06-768x576.jpg\" alt=\"papoilas_06\" \/><\/figure><\/a><\/div><div class=\"swiper-slide\"><a data-elementor-open-lightbox=\"yes\" data-elementor-lightbox-slideshow=\"6045eb8\" data-elementor-lightbox-title=\"papoilas_08\" e-action-hash=\"#elementor-action%3Aaction%3Dlightbox%26settings%3DeyJpZCI6NTU5LCJ1cmwiOiJodHRwczpcL1wveGlzdG9jYW1waW5nLmNvbVwvcG9ydGFsXC93cC1jb250ZW50XC91cGxvYWRzXC8yMDE5XC8wM1wvcGFwb2lsYXNfMDguanBnIiwic2xpZGVzaG93IjoiNjA0NWViOCJ9\" href=\"https:\/\/xistocamping.com\/portal\/wp-content\/uploads\/2019\/03\/papoilas_08.jpg\"><figure class=\"swiper-slide-inner\"><img class=\"swiper-slide-image\" src=\"https:\/\/xistocamping.com\/portal\/wp-content\/uploads\/2019\/03\/papoilas_08-768x576.jpg\" alt=\"papoilas_08\" \/><\/figure><\/a><\/div><div class=\"swiper-slide\"><a data-elementor-open-lightbox=\"yes\" data-elementor-lightbox-slideshow=\"6045eb8\" data-elementor-lightbox-title=\"papoilas_16\" e-action-hash=\"#elementor-action%3Aaction%3Dlightbox%26settings%3DeyJpZCI6NTY3LCJ1cmwiOiJodHRwczpcL1wveGlzdG9jYW1waW5nLmNvbVwvcG9ydGFsXC93cC1jb250ZW50XC91cGxvYWRzXC8yMDE5XC8wM1wvcGFwb2lsYXNfMTYuanBnIiwic2xpZGVzaG93IjoiNjA0NWViOCJ9\" href=\"https:\/\/xistocamping.com\/portal\/wp-content\/uploads\/2019\/03\/papoilas_16.jpg\"><figure class=\"swiper-slide-inner\"><img class=\"swiper-slide-image\" src=\"https:\/\/xistocamping.com\/portal\/wp-content\/uploads\/2019\/03\/papoilas_16-768x576.jpg\" alt=\"papoilas_16\" \/><\/figure><\/a><\/div><div class=\"swiper-slide\"><a data-elementor-open-lightbox=\"yes\" data-elementor-lightbox-slideshow=\"6045eb8\" data-elementor-lightbox-title=\"papoilas_15\" e-action-hash=\"#elementor-action%3Aaction%3Dlightbox%26settings%3DeyJpZCI6NTY2LCJ1cmwiOiJodHRwczpcL1wveGlzdG9jYW1waW5nLmNvbVwvcG9ydGFsXC93cC1jb250ZW50XC91cGxvYWRzXC8yMDE5XC8wM1wvcGFwb2lsYXNfMTUuanBnIiwic2xpZGVzaG93IjoiNjA0NWViOCJ9\" href=\"https:\/\/xistocamping.com\/portal\/wp-content\/uploads\/2019\/03\/papoilas_15.jpg\"><figure class=\"swiper-slide-inner\"><img class=\"swiper-slide-image\" src=\"https:\/\/xistocamping.com\/portal\/wp-content\/uploads\/2019\/03\/papoilas_15-768x576.jpg\" alt=\"papoilas_15\" \/><\/figure><\/a><\/div><div class=\"swiper-slide\"><a data-elementor-open-lightbox=\"yes\" data-elementor-lightbox-slideshow=\"6045eb8\" data-elementor-lightbox-title=\"papoilas_14\" e-action-hash=\"#elementor-action%3Aaction%3Dlightbox%26settings%3DeyJpZCI6NTY1LCJ1cmwiOiJodHRwczpcL1wveGlzdG9jYW1waW5nLmNvbVwvcG9ydGFsXC93cC1jb250ZW50XC91cGxvYWRzXC8yMDE5XC8wM1wvcGFwb2lsYXNfMTQuanBnIiwic2xpZGVzaG93IjoiNjA0NWViOCJ9\" href=\"https:\/\/xistocamping.com\/portal\/wp-content\/uploads\/2019\/03\/papoilas_14.jpg\"><figure class=\"swiper-slide-inner\"><img class=\"swiper-slide-image\" src=\"https:\/\/xistocamping.com\/portal\/wp-content\/uploads\/2019\/03\/papoilas_14-768x575.jpg\" alt=\"papoilas_14\" \/><\/figure><\/a><\/div><div class=\"swiper-slide\"><a data-elementor-open-lightbox=\"yes\" data-elementor-lightbox-slideshow=\"6045eb8\" data-elementor-lightbox-title=\"papoilas_13\" e-action-hash=\"#elementor-action%3Aaction%3Dlightbox%26settings%3DeyJpZCI6NTY0LCJ1cmwiOiJodHRwczpcL1wveGlzdG9jYW1waW5nLmNvbVwvcG9ydGFsXC93cC1jb250ZW50XC91cGxvYWRzXC8yMDE5XC8wM1wvcGFwb2lsYXNfMTMuanBnIiwic2xpZGVzaG93IjoiNjA0NWViOCJ9\" href=\"https:\/\/xistocamping.com\/portal\/wp-content\/uploads\/2019\/03\/papoilas_13.jpg\"><figure class=\"swiper-slide-inner\"><img class=\"swiper-slide-image\" src=\"https:\/\/xistocamping.com\/portal\/wp-content\/uploads\/2019\/03\/papoilas_13-768x576.jpg\" alt=\"papoilas_13\" \/><\/figure><\/a><\/div><div class=\"swiper-slide\"><a data-elementor-open-lightbox=\"yes\" data-elementor-lightbox-slideshow=\"6045eb8\" data-elementor-lightbox-title=\"papoilas_12\" e-action-hash=\"#elementor-action%3Aaction%3Dlightbox%26settings%3DeyJpZCI6NTYzLCJ1cmwiOiJodHRwczpcL1wveGlzdG9jYW1waW5nLmNvbVwvcG9ydGFsXC93cC1jb250ZW50XC91cGxvYWRzXC8yMDE5XC8wM1wvcGFwb2lsYXNfMTIuanBnIiwic2xpZGVzaG93IjoiNjA0NWViOCJ9\" href=\"https:\/\/xistocamping.com\/portal\/wp-content\/uploads\/2019\/03\/papoilas_12.jpg\"><figure class=\"swiper-slide-inner\"><img class=\"swiper-slide-image\" src=\"https:\/\/xistocamping.com\/portal\/wp-content\/uploads\/2019\/03\/papoilas_12-768x576.jpg\" alt=\"papoilas_12\" \/><\/figure><\/a><\/div><div class=\"swiper-slide\"><a data-elementor-open-lightbox=\"yes\" data-elementor-lightbox-slideshow=\"6045eb8\" data-elementor-lightbox-title=\"papoilas_11\" e-action-hash=\"#elementor-action%3Aaction%3Dlightbox%26settings%3DeyJpZCI6NTYyLCJ1cmwiOiJodHRwczpcL1wveGlzdG9jYW1waW5nLmNvbVwvcG9ydGFsXC93cC1jb250ZW50XC91cGxvYWRzXC8yMDE5XC8wM1wvcGFwb2lsYXNfMTEuanBnIiwic2xpZGVzaG93IjoiNjA0NWViOCJ9\" href=\"https:\/\/xistocamping.com\/portal\/wp-content\/uploads\/2019\/03\/papoilas_11.jpg\"><figure class=\"swiper-slide-inner\"><img class=\"swiper-slide-image\" src=\"https:\/\/xistocamping.com\/portal\/wp-content\/uploads\/2019\/03\/papoilas_11-768x576.jpg\" alt=\"papoilas_11\" \/><\/figure><\/a><\/div><div class=\"swiper-slide\"><a data-elementor-open-lightbox=\"yes\" data-elementor-lightbox-slideshow=\"6045eb8\" data-elementor-lightbox-title=\"papoilas_10\" e-action-hash=\"#elementor-action%3Aaction%3Dlightbox%26settings%3DeyJpZCI6NTYxLCJ1cmwiOiJodHRwczpcL1wveGlzdG9jYW1waW5nLmNvbVwvcG9ydGFsXC93cC1jb250ZW50XC91cGxvYWRzXC8yMDE5XC8wM1wvcGFwb2lsYXNfMTAuanBnIiwic2xpZGVzaG93IjoiNjA0NWViOCJ9\" href=\"https:\/\/xistocamping.com\/portal\/wp-content\/uploads\/2019\/03\/papoilas_10.jpg\"><figure class=\"swiper-slide-inner\"><img class=\"swiper-slide-image\" src=\"https:\/\/xistocamping.com\/portal\/wp-content\/uploads\/2019\/03\/papoilas_10-768x576.jpg\" alt=\"papoilas_10\" \/><\/figure><\/a><\/div><div class=\"swiper-slide\"><a data-elementor-open-lightbox=\"yes\" data-elementor-lightbox-slideshow=\"6045eb8\" data-elementor-lightbox-title=\"papoilas_09\" e-action-hash=\"#elementor-action%3Aaction%3Dlightbox%26settings%3DeyJpZCI6NTYwLCJ1cmwiOiJodHRwczpcL1wveGlzdG9jYW1waW5nLmNvbVwvcG9ydGFsXC93cC1jb250ZW50XC91cGxvYWRzXC8yMDE5XC8wM1wvcGFwb2lsYXNfMDkuanBnIiwic2xpZGVzaG93IjoiNjA0NWViOCJ9\" href=\"https:\/\/xistocamping.com\/portal\/wp-content\/uploads\/2019\/03\/papoilas_09.jpg\"><figure class=\"swiper-slide-inner\"><img class=\"swiper-slide-image\" src=\"https:\/\/xistocamping.com\/portal\/wp-content\/uploads\/2019\/03\/papoilas_09-768x576.jpg\" alt=\"papoilas_09\" \/><\/figure><\/a><\/div>\t\t\t<\/div>\n\t\t\t\t\t\t\t\t\t\t\t\t\t\t\t\t<div class=\"elementor-swiper-button elementor-swiper-button-prev\">\n\t\t\t\t\t\t<i aria-hidden=\"true\" class=\"eicon-chevron-left\"><\/i>\t\t\t\t\t\t<span class=\"elementor-screen-only\">Anterior<\/span>\n\t\t\t\t\t<\/div>\n\t\t\t\t\t<div class=\"elementor-swiper-button elementor-swiper-button-next\">\n\t\t\t\t\t\t<i aria-hidden=\"true\" class=\"eicon-chevron-right\"><\/i>\t\t\t\t\t\t<span class=\"elementor-screen-only\">Seguinte<\/span>\n\t\t\t\t\t<\/div>\n\t\t\t\t\t\t\t\t\t<\/div>\n\t\t\t\t<\/div>\n\t\t\t\t<\/div>\n\t\t\t\t\t\t<\/div>\n\t\t\t\t\t<\/div>\n\t\t<\/div>\n\t\t\t\t<div class=\"has_eae_slider elementor-column elementor-col-50 elementor-inner-column elementor-element elementor-element-b0c1979\" data-id=\"b0c1979\" data-element_type=\"column\">\n\t\t\t<div class=\"elementor-column-wrap elementor-element-populated\">\n\t\t\t\t\t\t\t<div class=\"elementor-widget-wrap\">\n\t\t\t\t\t\t<div class=\"elementor-element elementor-element-d1f3b67 elementor-widget elementor-widget-text-editor\" data-id=\"d1f3b67\" data-element_type=\"widget\" data-widget_type=\"text-editor.default\">\n\t\t\t\t<div class=\"elementor-widget-container\">\n\t\t\t\t\t\t\t\t<div class=\"elementor-text-editor elementor-clearfix\">\n\t\t\t\t<p><strong>OCUPA\u00c7\u00c3O:<\/strong><\/p><ul><li>1 quarto com cama de casal<\/li><li><strong>Capacidade:<\/strong> 2 pessoas + 2 extra<\/li><li>Estacionamento para 1 viatura<\/li><\/ul><p><strong>DIVIS\u00d5ES:<\/strong><\/p><ul><li>Cozinha<\/li><li>Sala<\/li><li>Casa de banho<\/li><\/ul><p><strong>EQUIPADA COM:<\/strong><\/p><ul><li>Frigor\u00edfico, fog\u00e3o e microondas<\/li><li>Ar condicionado<\/li><li>TV via sat\u00e9lite e Wifi<\/li><li>Roupa de cama e banho<\/li><\/ul>\t\t\t\t\t<\/div>\n\t\t\t\t\t\t<\/div>\n\t\t\t\t<\/div>\n\t\t\t\t\t\t<\/div>\n\t\t\t\t\t<\/div>\n\t\t<\/div>\n\t\t\t\t\t\t\t\t<\/div>\n\t\t\t\t\t<\/div>\n\t\t<\/section>\n\t\t\t\t<section class=\"has_eae_slider elementor-section elementor-inner-section elementor-element elementor-element-73ebb68 elementor-section-boxed elementor-section-height-default elementor-section-height-default\" data-id=\"73ebb68\" data-element_type=\"section\">\n\t\t\t\t\t\t<div class=\"elementor-container elementor-column-gap-default\">\n\t\t\t\t\t\t\t<div class=\"elementor-row\">\n\t\t\t\t\t<div class=\"has_eae_slider elementor-column elementor-col-100 elementor-inner-column elementor-element elementor-element-7d1c225\" data-id=\"7d1c225\" data-element_type=\"column\">\n\t\t\t<div class=\"elementor-column-wrap elementor-element-populated\">\n\t\t\t\t\t\t\t<div class=\"elementor-widget-wrap\">\n\t\t\t\t\t\t<div class=\"elementor-element elementor-element-5e4c191 elementor-widget elementor-widget-text-editor\" data-id=\"5e4c191\" data-element_type=\"widget\" data-widget_type=\"text-editor.default\">\n\t\t\t\t<div class=\"elementor-widget-container\">\n\t\t\t\t\t\t\t\t<div class=\"elementor-text-editor elementor-clearfix\">\n\t\t\t\t<p><strong>CONDI\u00c7\u00d5ES DE RESERVA:<\/strong><\/p><ul><li><strong>Confirma\u00e7\u00e3o da reserva:<\/strong> Sinal de 50% do total da estadia;<\/li><li><strong>Check In:<\/strong> a partir das 15h00m;<\/li><li><strong>Check out:<\/strong> at\u00e9 \u00e0s 12h00m;<\/li><li><strong>Late check out:<\/strong> sujeito a autoriza\u00e7\u00e3o. Implica pagamento de 50% da di\u00e1ria.<\/li><\/ul><p><strong>CANCELAMENTOS:<\/strong><\/p><ul><li><strong>At\u00e9 5 dias da data da reserva:<\/strong> sinal em cr\u00e9dito para utiliza\u00e7\u00e3o futura, num per\u00edodo de 6 meses;<\/li><li><strong>Menos de 5 dias antas da data de reserva:<\/strong> &#8220;No show&#8221;, sem direito a devolu\u00e7\u00e3o do sinal.<\/li><\/ul>\t\t\t\t\t<\/div>\n\t\t\t\t\t\t<\/div>\n\t\t\t\t<\/div>\n\t\t\t\t\t\t<\/div>\n\t\t\t\t\t<\/div>\n\t\t<\/div>\n\t\t\t\t\t\t\t\t<\/div>\n\t\t\t\t\t<\/div>\n\t\t<\/section>\n\t\t\t\t\t\t<\/div>\n\t\t\t\t\t<\/div>\n\t\t<\/div>\n\t\t\t\t\t\t\t\t<\/div>\n\t\t\t\t\t<\/div>\n\t\t<\/section>\n\t\t\t\t\t\t<\/div>\n\t\t\t\t\t\t<\/div>\n\t\t\t\t\t<\/div>\n\t\t","protected":false},"excerpt":{"rendered":"<p>Anterior Seguinte OCUPA\u00c7\u00c3O: 1 quarto com cama de casal Capacidade: 2 pessoas + 2 extra Estacionamento para 1 viatura DIVIS\u00d5ES: Cozinha Sala Casa de banho EQUIPADA COM: Frigor\u00edfico, fog\u00e3o e microondas Ar condicionado TV via sat\u00e9lite e Wifi Roupa de cama e banho CONDI\u00c7\u00d5ES DE RESERVA: Confirma\u00e7\u00e3o da reserva: Sinal de 50% do total da &hellip;<\/p>\n<p class=\"read-more\"> <a class=\"\" href=\"https:\/\/xistocamping.com\/portal\/alojamentos\/casa-das-papoilas\/\"> <span class=\"screen-reader-text\">Casa das Papoilas<\/span> Read More &raquo;<\/a><\/p>\n","protected":false},"author":1,"featured_media":0,"parent":1253,"menu_order":3,"comment_status":"closed","ping_status":"closed","template":"elementor_canvas","meta":{"site-sidebar-layout":"no-sidebar","site-content-layout":"page-builder","ast-main-header-display":"","ast-hfb-above-header-display":"","ast-hfb-below-header-display":"","ast-hfb-mobile-header-display":"","site-post-title":"disabled","ast-breadcrumbs-content":"","ast-featured-img":"disabled","footer-sml-layout":"","theme-transparent-header-meta":"default","adv-header-id-meta":"","stick-header-meta":"","header-above-stick-meta":"","header-main-stick-meta":"","header-below-stick-meta":""},"_links":{"self":[{"href":"https:\/\/xistocamping.com\/portal\/wp-json\/wp\/v2\/pages\/1382"}],"collection":[{"href":"https:\/\/xistocamping.com\/portal\/wp-json\/wp\/v2\/pages"}],"about":[{"href":"https:\/\/xistocamping.com\/portal\/wp-json\/wp\/v2\/types\/page"}],"author":[{"embeddable":true,"href":"https:\/\/xistocamping.com\/portal\/wp-json\/wp\/v2\/users\/1"}],"replies":[{"embeddable":true,"href":"https:\/\/xistocamping.com\/portal\/wp-json\/wp\/v2\/comments?post=1382"}],"version-history":[{"count":6,"href":"https:\/\/xistocamping.com\/portal\/wp-json\/wp\/v2\/pages\/1382\/revisions"}],"predecessor-version":[{"id":2583,"href":"https:\/\/xistocamping.com\/portal\/wp-json\/wp\/v2\/pages\/1382\/revisions\/2583"}],"up":[{"embeddable":true,"href":"https:\/\/xistocamping.com\/portal\/wp-json\/wp\/v2\/pages\/1253"}],"wp:attachment":[{"href":"https:\/\/xistocamping.com\/portal\/wp-json\/wp\/v2\/media?parent=1382"}],"curies":[{"name":"wp","href":"https:\/\/api.w.org\/{rel}","templated":true}]}}