{"id":1461,"date":"2020-01-13T23:02:52","date_gmt":"2020-01-13T23:02:52","guid":{"rendered":"https:\/\/xistocamping.com\/portal\/?page_id=1461"},"modified":"2020-01-16T18:51:25","modified_gmt":"2020-01-16T18:51:25","slug":"maison-de-tournesol","status":"publish","type":"page","link":"https:\/\/xistocamping.com\/portal\/fr\/hebergement\/maison-de-tournesol\/","title":{"rendered":"Maison de Tournesol"},"content":{"rendered":"\t\t<div data-elementor-type=\"wp-page\" data-elementor-id=\"1461\" class=\"elementor elementor-1461\" data-elementor-settings=\"[]\">\n\t\t\t\t\t\t<div class=\"elementor-inner\">\n\t\t\t\t\t\t\t<div class=\"elementor-section-wrap\">\n\t\t\t\t\t\t\t<section class=\"has_eae_slider elementor-section elementor-top-section elementor-element elementor-element-12045c5 elementor-section-stretched elementor-section-boxed elementor-section-height-default elementor-section-height-default\" data-id=\"12045c5\" data-element_type=\"section\" data-settings=\"{&quot;stretch_section&quot;:&quot;section-stretched&quot;}\">\n\t\t\t\t\t\t<div class=\"elementor-container elementor-column-gap-default\">\n\t\t\t\t\t\t\t<div class=\"elementor-row\">\n\t\t\t\t\t<div class=\"has_eae_slider elementor-column elementor-col-100 elementor-top-column elementor-element elementor-element-c3ddb72\" data-id=\"c3ddb72\" data-element_type=\"column\">\n\t\t\t<div class=\"elementor-column-wrap elementor-element-populated\">\n\t\t\t\t\t\t\t<div class=\"elementor-widget-wrap\">\n\t\t\t\t\t\t<div class=\"elementor-element elementor-element-8558ea2 elementor-widget elementor-widget-lae-heading\" data-id=\"8558ea2\" data-element_type=\"widget\" data-widget_type=\"lae-heading.default\">\n\t\t\t\t<div class=\"elementor-widget-container\">\n\t\t\t\n<div class=\"lae-heading lae-style1 lae-alignleft \" >\n\n    <h2 class=\"lae-title\">MAISON DE TOURNESOL<\/h2>\n\n    \n<\/div><!-- .lae-heading -->\t\t<\/div>\n\t\t\t\t<\/div>\n\t\t\t\t<section class=\"has_eae_slider elementor-section elementor-inner-section elementor-element elementor-element-a97e973 elementor-section-boxed elementor-section-height-default elementor-section-height-default\" data-id=\"a97e973\" data-element_type=\"section\">\n\t\t\t\t\t\t<div class=\"elementor-container elementor-column-gap-default\">\n\t\t\t\t\t\t\t<div class=\"elementor-row\">\n\t\t\t\t\t<div class=\"has_eae_slider elementor-column elementor-col-50 elementor-inner-column elementor-element elementor-element-49a745f\" data-id=\"49a745f\" data-element_type=\"column\">\n\t\t\t<div class=\"elementor-column-wrap elementor-element-populated\">\n\t\t\t\t\t\t\t<div class=\"elementor-widget-wrap\">\n\t\t\t\t\t\t<div class=\"elementor-element elementor-element-6045eb8 elementor-arrows-position-inside elementor-widget elementor-widget-image-carousel\" data-id=\"6045eb8\" data-element_type=\"widget\" data-settings=\"{&quot;slides_to_show&quot;:&quot;1&quot;,&quot;navigation&quot;:&quot;arrows&quot;,&quot;autoplay&quot;:&quot;yes&quot;,&quot;pause_on_hover&quot;:&quot;yes&quot;,&quot;pause_on_interaction&quot;:&quot;yes&quot;,&quot;autoplay_speed&quot;:5000,&quot;infinite&quot;:&quot;yes&quot;,&quot;effect&quot;:&quot;slide&quot;,&quot;speed&quot;:500}\" data-widget_type=\"image-carousel.default\">\n\t\t\t\t<div class=\"elementor-widget-container\">\n\t\t\t\t\t<div class=\"elementor-image-carousel-wrapper swiper-container\" dir=\"ltr\">\n\t\t\t<div class=\"elementor-image-carousel swiper-wrapper\">\n\t\t\t\t\t\t\t\t<div class=\"swiper-slide\"><a data-elementor-open-lightbox=\"yes\" data-elementor-lightbox-slideshow=\"6045eb8\" data-elementor-lightbox-title=\"girassois_06\" e-action-hash=\"#elementor-action%3Aaction%3Dlightbox%26settings%3DeyJpZCI6NTg3LCJ1cmwiOiJodHRwczpcL1wveGlzdG9jYW1waW5nLmNvbVwvcG9ydGFsXC93cC1jb250ZW50XC91cGxvYWRzXC8yMDE5XC8wM1wvZ2lyYXNzb2lzXzA2LmpwZyIsInNsaWRlc2hvdyI6IjYwNDVlYjgifQ%3D%3D\" href=\"https:\/\/xistocamping.com\/portal\/wp-content\/uploads\/2019\/03\/girassois_06.jpg\"><figure class=\"swiper-slide-inner\"><img class=\"swiper-slide-image\" src=\"https:\/\/xistocamping.com\/portal\/wp-content\/uploads\/2019\/03\/girassois_06-768x576.jpg\" alt=\"girassois_06\" \/><\/figure><\/a><\/div><div class=\"swiper-slide\"><a data-elementor-open-lightbox=\"yes\" data-elementor-lightbox-slideshow=\"6045eb8\" data-elementor-lightbox-title=\"girassois_12\" e-action-hash=\"#elementor-action%3Aaction%3Dlightbox%26settings%3DeyJpZCI6NTkzLCJ1cmwiOiJodHRwczpcL1wveGlzdG9jYW1waW5nLmNvbVwvcG9ydGFsXC93cC1jb250ZW50XC91cGxvYWRzXC8yMDE5XC8wM1wvZ2lyYXNzb2lzXzEyLmpwZyIsInNsaWRlc2hvdyI6IjYwNDVlYjgifQ%3D%3D\" href=\"https:\/\/xistocamping.com\/portal\/wp-content\/uploads\/2019\/03\/girassois_12.jpg\"><figure class=\"swiper-slide-inner\"><img class=\"swiper-slide-image\" src=\"https:\/\/xistocamping.com\/portal\/wp-content\/uploads\/2019\/03\/girassois_12-768x577.jpg\" alt=\"girassois_12\" \/><\/figure><\/a><\/div><div class=\"swiper-slide\"><a data-elementor-open-lightbox=\"yes\" data-elementor-lightbox-slideshow=\"6045eb8\" data-elementor-lightbox-title=\"girassois_13\" e-action-hash=\"#elementor-action%3Aaction%3Dlightbox%26settings%3DeyJpZCI6NTk0LCJ1cmwiOiJodHRwczpcL1wveGlzdG9jYW1waW5nLmNvbVwvcG9ydGFsXC93cC1jb250ZW50XC91cGxvYWRzXC8yMDE5XC8wM1wvZ2lyYXNzb2lzXzEzLmpwZyIsInNsaWRlc2hvdyI6IjYwNDVlYjgifQ%3D%3D\" href=\"https:\/\/xistocamping.com\/portal\/wp-content\/uploads\/2019\/03\/girassois_13.jpg\"><figure class=\"swiper-slide-inner\"><img class=\"swiper-slide-image\" src=\"https:\/\/xistocamping.com\/portal\/wp-content\/uploads\/2019\/03\/girassois_13-768x576.jpg\" alt=\"girassois_13\" \/><\/figure><\/a><\/div><div class=\"swiper-slide\"><a data-elementor-open-lightbox=\"yes\" data-elementor-lightbox-slideshow=\"6045eb8\" data-elementor-lightbox-title=\"girassois_14\" e-action-hash=\"#elementor-action%3Aaction%3Dlightbox%26settings%3DeyJpZCI6NTk1LCJ1cmwiOiJodHRwczpcL1wveGlzdG9jYW1waW5nLmNvbVwvcG9ydGFsXC93cC1jb250ZW50XC91cGxvYWRzXC8yMDE5XC8wM1wvZ2lyYXNzb2lzXzE0LmpwZyIsInNsaWRlc2hvdyI6IjYwNDVlYjgifQ%3D%3D\" href=\"https:\/\/xistocamping.com\/portal\/wp-content\/uploads\/2019\/03\/girassois_14.jpg\"><figure class=\"swiper-slide-inner\"><img class=\"swiper-slide-image\" src=\"https:\/\/xistocamping.com\/portal\/wp-content\/uploads\/2019\/03\/girassois_14-768x576.jpg\" alt=\"girassois_14\" \/><\/figure><\/a><\/div><div class=\"swiper-slide\"><a data-elementor-open-lightbox=\"yes\" data-elementor-lightbox-slideshow=\"6045eb8\" data-elementor-lightbox-title=\"girassois_15\" e-action-hash=\"#elementor-action%3Aaction%3Dlightbox%26settings%3DeyJpZCI6NTk2LCJ1cmwiOiJodHRwczpcL1wveGlzdG9jYW1waW5nLmNvbVwvcG9ydGFsXC93cC1jb250ZW50XC91cGxvYWRzXC8yMDE5XC8wM1wvZ2lyYXNzb2lzXzE1LmpwZyIsInNsaWRlc2hvdyI6IjYwNDVlYjgifQ%3D%3D\" href=\"https:\/\/xistocamping.com\/portal\/wp-content\/uploads\/2019\/03\/girassois_15.jpg\"><figure class=\"swiper-slide-inner\"><img class=\"swiper-slide-image\" src=\"https:\/\/xistocamping.com\/portal\/wp-content\/uploads\/2019\/03\/girassois_15-768x576.jpg\" alt=\"girassois_15\" \/><\/figure><\/a><\/div><div class=\"swiper-slide\"><a data-elementor-open-lightbox=\"yes\" data-elementor-lightbox-slideshow=\"6045eb8\" data-elementor-lightbox-title=\"girassois_16\" e-action-hash=\"#elementor-action%3Aaction%3Dlightbox%26settings%3DeyJpZCI6NTk3LCJ1cmwiOiJodHRwczpcL1wveGlzdG9jYW1waW5nLmNvbVwvcG9ydGFsXC93cC1jb250ZW50XC91cGxvYWRzXC8yMDE5XC8wM1wvZ2lyYXNzb2lzXzE2LmpwZyIsInNsaWRlc2hvdyI6IjYwNDVlYjgifQ%3D%3D\" href=\"https:\/\/xistocamping.com\/portal\/wp-content\/uploads\/2019\/03\/girassois_16.jpg\"><figure class=\"swiper-slide-inner\"><img class=\"swiper-slide-image\" src=\"https:\/\/xistocamping.com\/portal\/wp-content\/uploads\/2019\/03\/girassois_16-768x576.jpg\" alt=\"girassois_16\" \/><\/figure><\/a><\/div><div class=\"swiper-slide\"><a data-elementor-open-lightbox=\"yes\" data-elementor-lightbox-slideshow=\"6045eb8\" data-elementor-lightbox-title=\"girassois_17\" e-action-hash=\"#elementor-action%3Aaction%3Dlightbox%26settings%3DeyJpZCI6NTk4LCJ1cmwiOiJodHRwczpcL1wveGlzdG9jYW1waW5nLmNvbVwvcG9ydGFsXC93cC1jb250ZW50XC91cGxvYWRzXC8yMDE5XC8wM1wvZ2lyYXNzb2lzXzE3LmpwZyIsInNsaWRlc2hvdyI6IjYwNDVlYjgifQ%3D%3D\" href=\"https:\/\/xistocamping.com\/portal\/wp-content\/uploads\/2019\/03\/girassois_17.jpg\"><figure class=\"swiper-slide-inner\"><img class=\"swiper-slide-image\" src=\"https:\/\/xistocamping.com\/portal\/wp-content\/uploads\/2019\/03\/girassois_17-768x576.jpg\" alt=\"girassois_17\" \/><\/figure><\/a><\/div><div class=\"swiper-slide\"><a data-elementor-open-lightbox=\"yes\" data-elementor-lightbox-slideshow=\"6045eb8\" data-elementor-lightbox-title=\"girassois_18\" e-action-hash=\"#elementor-action%3Aaction%3Dlightbox%26settings%3DeyJpZCI6NTk5LCJ1cmwiOiJodHRwczpcL1wveGlzdG9jYW1waW5nLmNvbVwvcG9ydGFsXC93cC1jb250ZW50XC91cGxvYWRzXC8yMDE5XC8wM1wvZ2lyYXNzb2lzXzE4LmpwZyIsInNsaWRlc2hvdyI6IjYwNDVlYjgifQ%3D%3D\" href=\"https:\/\/xistocamping.com\/portal\/wp-content\/uploads\/2019\/03\/girassois_18.jpg\"><figure class=\"swiper-slide-inner\"><img class=\"swiper-slide-image\" src=\"https:\/\/xistocamping.com\/portal\/wp-content\/uploads\/2019\/03\/girassois_18-768x576.jpg\" alt=\"girassois_18\" \/><\/figure><\/a><\/div><div class=\"swiper-slide\"><a data-elementor-open-lightbox=\"yes\" data-elementor-lightbox-slideshow=\"6045eb8\" data-elementor-lightbox-title=\"girassois_19\" e-action-hash=\"#elementor-action%3Aaction%3Dlightbox%26settings%3DeyJpZCI6NjAwLCJ1cmwiOiJodHRwczpcL1wveGlzdG9jYW1waW5nLmNvbVwvcG9ydGFsXC93cC1jb250ZW50XC91cGxvYWRzXC8yMDE5XC8wM1wvZ2lyYXNzb2lzXzE5LmpwZyIsInNsaWRlc2hvdyI6IjYwNDVlYjgifQ%3D%3D\" href=\"https:\/\/xistocamping.com\/portal\/wp-content\/uploads\/2019\/03\/girassois_19.jpg\"><figure class=\"swiper-slide-inner\"><img class=\"swiper-slide-image\" src=\"https:\/\/xistocamping.com\/portal\/wp-content\/uploads\/2019\/03\/girassois_19-768x576.jpg\" alt=\"girassois_19\" \/><\/figure><\/a><\/div><div class=\"swiper-slide\"><a data-elementor-open-lightbox=\"yes\" data-elementor-lightbox-slideshow=\"6045eb8\" data-elementor-lightbox-title=\"girassois_20\" e-action-hash=\"#elementor-action%3Aaction%3Dlightbox%26settings%3DeyJpZCI6NjAxLCJ1cmwiOiJodHRwczpcL1wveGlzdG9jYW1waW5nLmNvbVwvcG9ydGFsXC93cC1jb250ZW50XC91cGxvYWRzXC8yMDE5XC8wM1wvZ2lyYXNzb2lzXzIwLmpwZyIsInNsaWRlc2hvdyI6IjYwNDVlYjgifQ%3D%3D\" href=\"https:\/\/xistocamping.com\/portal\/wp-content\/uploads\/2019\/03\/girassois_20.jpg\"><figure class=\"swiper-slide-inner\"><img class=\"swiper-slide-image\" src=\"https:\/\/xistocamping.com\/portal\/wp-content\/uploads\/2019\/03\/girassois_20-768x576.jpg\" alt=\"girassois_20\" \/><\/figure><\/a><\/div><div class=\"swiper-slide\"><a data-elementor-open-lightbox=\"yes\" data-elementor-lightbox-slideshow=\"6045eb8\" data-elementor-lightbox-title=\"girassois_21\" e-action-hash=\"#elementor-action%3Aaction%3Dlightbox%26settings%3DeyJpZCI6NjAyLCJ1cmwiOiJodHRwczpcL1wveGlzdG9jYW1waW5nLmNvbVwvcG9ydGFsXC93cC1jb250ZW50XC91cGxvYWRzXC8yMDE5XC8wM1wvZ2lyYXNzb2lzXzIxLmpwZyIsInNsaWRlc2hvdyI6IjYwNDVlYjgifQ%3D%3D\" href=\"https:\/\/xistocamping.com\/portal\/wp-content\/uploads\/2019\/03\/girassois_21.jpg\"><figure class=\"swiper-slide-inner\"><img class=\"swiper-slide-image\" src=\"https:\/\/xistocamping.com\/portal\/wp-content\/uploads\/2019\/03\/girassois_21-768x576.jpg\" alt=\"girassois_21\" \/><\/figure><\/a><\/div><div class=\"swiper-slide\"><a data-elementor-open-lightbox=\"yes\" data-elementor-lightbox-slideshow=\"6045eb8\" data-elementor-lightbox-title=\"girassois_22\" e-action-hash=\"#elementor-action%3Aaction%3Dlightbox%26settings%3DeyJpZCI6NjAzLCJ1cmwiOiJodHRwczpcL1wveGlzdG9jYW1waW5nLmNvbVwvcG9ydGFsXC93cC1jb250ZW50XC91cGxvYWRzXC8yMDE5XC8wM1wvZ2lyYXNzb2lzXzIyLmpwZyIsInNsaWRlc2hvdyI6IjYwNDVlYjgifQ%3D%3D\" href=\"https:\/\/xistocamping.com\/portal\/wp-content\/uploads\/2019\/03\/girassois_22.jpg\"><figure class=\"swiper-slide-inner\"><img class=\"swiper-slide-image\" src=\"https:\/\/xistocamping.com\/portal\/wp-content\/uploads\/2019\/03\/girassois_22-768x576.jpg\" alt=\"girassois_22\" \/><\/figure><\/a><\/div><div class=\"swiper-slide\"><a data-elementor-open-lightbox=\"yes\" data-elementor-lightbox-slideshow=\"6045eb8\" data-elementor-lightbox-title=\"girassois_05\" e-action-hash=\"#elementor-action%3Aaction%3Dlightbox%26settings%3DeyJpZCI6NTg2LCJ1cmwiOiJodHRwczpcL1wveGlzdG9jYW1waW5nLmNvbVwvcG9ydGFsXC93cC1jb250ZW50XC91cGxvYWRzXC8yMDE5XC8wM1wvZ2lyYXNzb2lzXzA1LmpwZyIsInNsaWRlc2hvdyI6IjYwNDVlYjgifQ%3D%3D\" href=\"https:\/\/xistocamping.com\/portal\/wp-content\/uploads\/2019\/03\/girassois_05.jpg\"><figure class=\"swiper-slide-inner\"><img class=\"swiper-slide-image\" src=\"https:\/\/xistocamping.com\/portal\/wp-content\/uploads\/2019\/03\/girassois_05-768x576.jpg\" alt=\"girassois_05\" \/><\/figure><\/a><\/div><div class=\"swiper-slide\"><a data-elementor-open-lightbox=\"yes\" data-elementor-lightbox-slideshow=\"6045eb8\" data-elementor-lightbox-title=\"girassois_07\" e-action-hash=\"#elementor-action%3Aaction%3Dlightbox%26settings%3DeyJpZCI6NTg4LCJ1cmwiOiJodHRwczpcL1wveGlzdG9jYW1waW5nLmNvbVwvcG9ydGFsXC93cC1jb250ZW50XC91cGxvYWRzXC8yMDE5XC8wM1wvZ2lyYXNzb2lzXzA3LmpwZyIsInNsaWRlc2hvdyI6IjYwNDVlYjgifQ%3D%3D\" href=\"https:\/\/xistocamping.com\/portal\/wp-content\/uploads\/2019\/03\/girassois_07.jpg\"><figure class=\"swiper-slide-inner\"><img class=\"swiper-slide-image\" src=\"https:\/\/xistocamping.com\/portal\/wp-content\/uploads\/2019\/03\/girassois_07-768x576.jpg\" alt=\"girassois_07\" \/><\/figure><\/a><\/div><div class=\"swiper-slide\"><a data-elementor-open-lightbox=\"yes\" data-elementor-lightbox-slideshow=\"6045eb8\" data-elementor-lightbox-title=\"girassois_08\" e-action-hash=\"#elementor-action%3Aaction%3Dlightbox%26settings%3DeyJpZCI6NTg5LCJ1cmwiOiJodHRwczpcL1wveGlzdG9jYW1waW5nLmNvbVwvcG9ydGFsXC93cC1jb250ZW50XC91cGxvYWRzXC8yMDE5XC8wM1wvZ2lyYXNzb2lzXzA4LmpwZyIsInNsaWRlc2hvdyI6IjYwNDVlYjgifQ%3D%3D\" href=\"https:\/\/xistocamping.com\/portal\/wp-content\/uploads\/2019\/03\/girassois_08.jpg\"><figure class=\"swiper-slide-inner\"><img class=\"swiper-slide-image\" src=\"https:\/\/xistocamping.com\/portal\/wp-content\/uploads\/2019\/03\/girassois_08-768x576.jpg\" alt=\"girassois_08\" \/><\/figure><\/a><\/div><div class=\"swiper-slide\"><a data-elementor-open-lightbox=\"yes\" data-elementor-lightbox-slideshow=\"6045eb8\" data-elementor-lightbox-title=\"girassois_09\" e-action-hash=\"#elementor-action%3Aaction%3Dlightbox%26settings%3DeyJpZCI6NTkwLCJ1cmwiOiJodHRwczpcL1wveGlzdG9jYW1waW5nLmNvbVwvcG9ydGFsXC93cC1jb250ZW50XC91cGxvYWRzXC8yMDE5XC8wM1wvZ2lyYXNzb2lzXzA5LmpwZyIsInNsaWRlc2hvdyI6IjYwNDVlYjgifQ%3D%3D\" href=\"https:\/\/xistocamping.com\/portal\/wp-content\/uploads\/2019\/03\/girassois_09.jpg\"><figure class=\"swiper-slide-inner\"><img class=\"swiper-slide-image\" src=\"https:\/\/xistocamping.com\/portal\/wp-content\/uploads\/2019\/03\/girassois_09-768x576.jpg\" alt=\"girassois_09\" \/><\/figure><\/a><\/div><div class=\"swiper-slide\"><a data-elementor-open-lightbox=\"yes\" data-elementor-lightbox-slideshow=\"6045eb8\" data-elementor-lightbox-title=\"girassois_04\" e-action-hash=\"#elementor-action%3Aaction%3Dlightbox%26settings%3DeyJpZCI6NTg1LCJ1cmwiOiJodHRwczpcL1wveGlzdG9jYW1waW5nLmNvbVwvcG9ydGFsXC93cC1jb250ZW50XC91cGxvYWRzXC8yMDE5XC8wM1wvZ2lyYXNzb2lzXzA0LmpwZyIsInNsaWRlc2hvdyI6IjYwNDVlYjgifQ%3D%3D\" href=\"https:\/\/xistocamping.com\/portal\/wp-content\/uploads\/2019\/03\/girassois_04.jpg\"><figure class=\"swiper-slide-inner\"><img class=\"swiper-slide-image\" src=\"https:\/\/xistocamping.com\/portal\/wp-content\/uploads\/2019\/03\/girassois_04-768x576.jpg\" alt=\"girassois_04\" \/><\/figure><\/a><\/div><div class=\"swiper-slide\"><a data-elementor-open-lightbox=\"yes\" data-elementor-lightbox-slideshow=\"6045eb8\" data-elementor-lightbox-title=\"girassois_03\" e-action-hash=\"#elementor-action%3Aaction%3Dlightbox%26settings%3DeyJpZCI6NTg0LCJ1cmwiOiJodHRwczpcL1wveGlzdG9jYW1waW5nLmNvbVwvcG9ydGFsXC93cC1jb250ZW50XC91cGxvYWRzXC8yMDE5XC8wM1wvZ2lyYXNzb2lzXzAzLmpwZyIsInNsaWRlc2hvdyI6IjYwNDVlYjgifQ%3D%3D\" href=\"https:\/\/xistocamping.com\/portal\/wp-content\/uploads\/2019\/03\/girassois_03.jpg\"><figure class=\"swiper-slide-inner\"><img class=\"swiper-slide-image\" src=\"https:\/\/xistocamping.com\/portal\/wp-content\/uploads\/2019\/03\/girassois_03-768x576.jpg\" alt=\"girassois_03\" \/><\/figure><\/a><\/div><div class=\"swiper-slide\"><a data-elementor-open-lightbox=\"yes\" data-elementor-lightbox-slideshow=\"6045eb8\" data-elementor-lightbox-title=\"girassois_02\" e-action-hash=\"#elementor-action%3Aaction%3Dlightbox%26settings%3DeyJpZCI6NTgzLCJ1cmwiOiJodHRwczpcL1wveGlzdG9jYW1waW5nLmNvbVwvcG9ydGFsXC93cC1jb250ZW50XC91cGxvYWRzXC8yMDE5XC8wM1wvZ2lyYXNzb2lzXzAyLmpwZyIsInNsaWRlc2hvdyI6IjYwNDVlYjgifQ%3D%3D\" href=\"https:\/\/xistocamping.com\/portal\/wp-content\/uploads\/2019\/03\/girassois_02.jpg\"><figure class=\"swiper-slide-inner\"><img class=\"swiper-slide-image\" src=\"https:\/\/xistocamping.com\/portal\/wp-content\/uploads\/2019\/03\/girassois_02-768x576.jpg\" alt=\"girassois_02\" \/><\/figure><\/a><\/div><div class=\"swiper-slide\"><a data-elementor-open-lightbox=\"yes\" data-elementor-lightbox-slideshow=\"6045eb8\" data-elementor-lightbox-title=\"girassois_01\" e-action-hash=\"#elementor-action%3Aaction%3Dlightbox%26settings%3DeyJpZCI6NTgyLCJ1cmwiOiJodHRwczpcL1wveGlzdG9jYW1waW5nLmNvbVwvcG9ydGFsXC93cC1jb250ZW50XC91cGxvYWRzXC8yMDE5XC8wM1wvZ2lyYXNzb2lzXzAxLmpwZyIsInNsaWRlc2hvdyI6IjYwNDVlYjgifQ%3D%3D\" href=\"https:\/\/xistocamping.com\/portal\/wp-content\/uploads\/2019\/03\/girassois_01.jpg\"><figure class=\"swiper-slide-inner\"><img class=\"swiper-slide-image\" src=\"https:\/\/xistocamping.com\/portal\/wp-content\/uploads\/2019\/03\/girassois_01-768x576.jpg\" alt=\"girassois_01\" \/><\/figure><\/a><\/div>\t\t\t<\/div>\n\t\t\t\t\t\t\t\t\t\t\t\t\t\t\t\t<div class=\"elementor-swiper-button elementor-swiper-button-prev\">\n\t\t\t\t\t\t<i aria-hidden=\"true\" class=\"eicon-chevron-left\"><\/i>\t\t\t\t\t\t<span class=\"elementor-screen-only\">Anterior<\/span>\n\t\t\t\t\t<\/div>\n\t\t\t\t\t<div class=\"elementor-swiper-button elementor-swiper-button-next\">\n\t\t\t\t\t\t<i aria-hidden=\"true\" class=\"eicon-chevron-right\"><\/i>\t\t\t\t\t\t<span class=\"elementor-screen-only\">Seguinte<\/span>\n\t\t\t\t\t<\/div>\n\t\t\t\t\t\t\t\t\t<\/div>\n\t\t\t\t<\/div>\n\t\t\t\t<\/div>\n\t\t\t\t\t\t<\/div>\n\t\t\t\t\t<\/div>\n\t\t<\/div>\n\t\t\t\t<div class=\"has_eae_slider elementor-column elementor-col-50 elementor-inner-column elementor-element elementor-element-b0c1979\" data-id=\"b0c1979\" data-element_type=\"column\">\n\t\t\t<div class=\"elementor-column-wrap elementor-element-populated\">\n\t\t\t\t\t\t\t<div class=\"elementor-widget-wrap\">\n\t\t\t\t\t\t<div class=\"elementor-element elementor-element-d1f3b67 elementor-widget elementor-widget-text-editor\" data-id=\"d1f3b67\" data-element_type=\"widget\" data-widget_type=\"text-editor.default\">\n\t\t\t\t<div class=\"elementor-widget-container\">\n\t\t\t\t\t\t\t\t<div class=\"elementor-text-editor elementor-clearfix\">\n\t\t\t\t<p><strong>OCUPATION<\/strong><\/p><ul><li>1 chambre avec lit double<\/li><li><strong>Capacit\u00e9:<\/strong> 2 personnes + 2 suppl\u00e9mentaires<\/li><li>Parking pour 1 voiture.<\/li><\/ul><p><strong>DIVISIONS DE MAISON<\/strong><\/p><ul><li>Cuisine;<\/li><li>Salon;<\/li><li>Toilettes<\/li><\/ul><p><strong>\u00c9QUIP\u00c9 DE:<\/strong><\/p><ul><li>R\u00e9frig\u00e9rateur, cuisini\u00e8re et micro-ondes<\/li><li>Air conditionn\u00e9, TV satellite et Wifi<\/li><li>Linge de lit et de bain<\/li><\/ul>\t\t\t\t\t<\/div>\n\t\t\t\t\t\t<\/div>\n\t\t\t\t<\/div>\n\t\t\t\t\t\t<\/div>\n\t\t\t\t\t<\/div>\n\t\t<\/div>\n\t\t\t\t\t\t\t\t<\/div>\n\t\t\t\t\t<\/div>\n\t\t<\/section>\n\t\t\t\t<section class=\"has_eae_slider elementor-section elementor-inner-section elementor-element elementor-element-73ebb68 elementor-section-boxed elementor-section-height-default elementor-section-height-default\" data-id=\"73ebb68\" data-element_type=\"section\">\n\t\t\t\t\t\t<div class=\"elementor-container elementor-column-gap-default\">\n\t\t\t\t\t\t\t<div class=\"elementor-row\">\n\t\t\t\t\t<div class=\"has_eae_slider elementor-column elementor-col-100 elementor-inner-column elementor-element elementor-element-7d1c225\" data-id=\"7d1c225\" data-element_type=\"column\">\n\t\t\t<div class=\"elementor-column-wrap elementor-element-populated\">\n\t\t\t\t\t\t\t<div class=\"elementor-widget-wrap\">\n\t\t\t\t\t\t<div class=\"elementor-element elementor-element-5e4c191 elementor-widget elementor-widget-text-editor\" data-id=\"5e4c191\" data-element_type=\"widget\" data-widget_type=\"text-editor.default\">\n\t\t\t\t<div class=\"elementor-widget-container\">\n\t\t\t\t\t\t\t\t<div class=\"elementor-text-editor elementor-clearfix\">\n\t\t\t\t<p><strong>CONDITIONS DE RESERVATION:<\/strong><\/p><ul><li><strong>Confirmation de r\u00e9servation:<\/strong> 50% d&#8217;acompte du s\u00e9jour total;<\/li><li><strong>Arriv\u00e9e:<\/strong> \u00e0 partir de 15h00m;<\/li><li><strong>D\u00e9part:<\/strong> jusqu&#8217;\u00e0 12h00m;<\/li><li><strong>D\u00e9part tardif:<\/strong> soumis \u00e0 autorisation. Elle implique le paiement de 50% du tarif journalier.<\/li><\/ul><p><strong>ANNULATIONS:<\/strong><\/p><ul><li><strong>Jusqu&#8217;\u00e0 5 jours \u00e0 compter de la date de r\u00e9servation:<\/strong> acompte pour une utilisation future dans les 6 mois;<\/li><li><strong>Moins de 5 jours avant la date de r\u00e9servation:<\/strong> &#8220;No show&#8221;, sans remboursement du signal.<\/li><\/ul>\t\t\t\t\t<\/div>\n\t\t\t\t\t\t<\/div>\n\t\t\t\t<\/div>\n\t\t\t\t\t\t<\/div>\n\t\t\t\t\t<\/div>\n\t\t<\/div>\n\t\t\t\t\t\t\t\t<\/div>\n\t\t\t\t\t<\/div>\n\t\t<\/section>\n\t\t\t\t<div class=\"elementor-element elementor-element-12572ab elementor-widget elementor-widget-shortcode\" data-id=\"12572ab\" data-element_type=\"widget\" data-widget_type=\"shortcode.default\">\n\t\t\t\t<div class=\"elementor-widget-container\">\n\t\t\t\t\t<div class=\"elementor-shortcode\">[hb_booking_form]<\/div>\n\t\t\t\t<\/div>\n\t\t\t\t<\/div>\n\t\t\t\t\t\t<\/div>\n\t\t\t\t\t<\/div>\n\t\t<\/div>\n\t\t\t\t\t\t\t\t<\/div>\n\t\t\t\t\t<\/div>\n\t\t<\/section>\n\t\t\t\t\t\t<\/div>\n\t\t\t\t\t\t<\/div>\n\t\t\t\t\t<\/div>\n\t\t","protected":false},"excerpt":{"rendered":"<p>MAISON DE TOURNESOL Pr\u00e9c\u00e9dent Suivant OCUPATION 1 chambre avec lit double Capacit\u00e9: 2 personnes + 2 suppl\u00e9mentaires Parking pour 1 voiture. DIVISIONS DE MAISON Cuisine; Salon; Toilettes \u00c9QUIP\u00c9 DE: R\u00e9frig\u00e9rateur, cuisini\u00e8re et micro-ondes Air conditionn\u00e9, TV satellite et Wifi Linge de lit et de bain CONDITIONS DE RESERVATION: Confirmation de r\u00e9servation: 50% d&#8217;acompte du s\u00e9jour &hellip;<\/p>\n<p class=\"read-more\"> <a class=\"\" href=\"https:\/\/xistocamping.com\/portal\/fr\/hebergement\/maison-de-tournesol\/\"> <span class=\"screen-reader-text\">Maison de Tournesol<\/span> Read More &raquo;<\/a><\/p>\n","protected":false},"author":1,"featured_media":0,"parent":767,"menu_order":5,"comment_status":"closed","ping_status":"closed","template":"elementor_canvas","meta":{"site-sidebar-layout":"no-sidebar","site-content-layout":"page-builder","ast-main-header-display":"","ast-hfb-above-header-display":"","ast-hfb-below-header-display":"","ast-hfb-mobile-header-display":"","site-post-title":"disabled","ast-breadcrumbs-content":"","ast-featured-img":"disabled","footer-sml-layout":"","theme-transparent-header-meta":"default","adv-header-id-meta":"","stick-header-meta":"","header-above-stick-meta":"","header-main-stick-meta":"","header-below-stick-meta":""},"_links":{"self":[{"href":"https:\/\/xistocamping.com\/portal\/wp-json\/wp\/v2\/pages\/1461"}],"collection":[{"href":"https:\/\/xistocamping.com\/portal\/wp-json\/wp\/v2\/pages"}],"about":[{"href":"https:\/\/xistocamping.com\/portal\/wp-json\/wp\/v2\/types\/page"}],"author":[{"embeddable":true,"href":"https:\/\/xistocamping.com\/portal\/wp-json\/wp\/v2\/users\/1"}],"replies":[{"embeddable":true,"href":"https:\/\/xistocamping.com\/portal\/wp-json\/wp\/v2\/comments?post=1461"}],"version-history":[{"count":4,"href":"https:\/\/xistocamping.com\/portal\/wp-json\/wp\/v2\/pages\/1461\/revisions"}],"predecessor-version":[{"id":1699,"href":"https:\/\/xistocamping.com\/portal\/wp-json\/wp\/v2\/pages\/1461\/revisions\/1699"}],"up":[{"embeddable":true,"href":"https:\/\/xistocamping.com\/portal\/wp-json\/wp\/v2\/pages\/767"}],"wp:attachment":[{"href":"https:\/\/xistocamping.com\/portal\/wp-json\/wp\/v2\/media?parent=1461"}],"curies":[{"name":"wp","href":"https:\/\/api.w.org\/{rel}","templated":true}]}}