{"id":1498,"date":"2020-01-13T23:18:39","date_gmt":"2020-01-13T23:18:39","guid":{"rendered":"https:\/\/xistocamping.com\/portal\/?page_id=1498"},"modified":"2020-01-16T23:30:50","modified_gmt":"2020-01-16T23:30:50","slug":"tulpenhaus","status":"publish","type":"page","link":"https:\/\/xistocamping.com\/portal\/de\/unterkunft-2\/tulpenhaus\/","title":{"rendered":"Tulpenhaus"},"content":{"rendered":"\t\t<div data-elementor-type=\"wp-page\" data-elementor-id=\"1498\" class=\"elementor elementor-1498\" data-elementor-settings=\"[]\">\n\t\t\t\t\t\t<div class=\"elementor-inner\">\n\t\t\t\t\t\t\t<div class=\"elementor-section-wrap\">\n\t\t\t\t\t\t\t<section class=\"has_eae_slider elementor-section elementor-top-section elementor-element elementor-element-12045c5 elementor-section-stretched elementor-section-boxed elementor-section-height-default elementor-section-height-default\" data-id=\"12045c5\" data-element_type=\"section\" data-settings=\"{&quot;stretch_section&quot;:&quot;section-stretched&quot;}\">\n\t\t\t\t\t\t<div class=\"elementor-container elementor-column-gap-default\">\n\t\t\t\t\t\t\t<div class=\"elementor-row\">\n\t\t\t\t\t<div class=\"has_eae_slider elementor-column elementor-col-100 elementor-top-column elementor-element elementor-element-c3ddb72\" data-id=\"c3ddb72\" data-element_type=\"column\">\n\t\t\t<div class=\"elementor-column-wrap elementor-element-populated\">\n\t\t\t\t\t\t\t<div class=\"elementor-widget-wrap\">\n\t\t\t\t\t\t<div class=\"elementor-element elementor-element-8558ea2 elementor-widget elementor-widget-lae-heading\" data-id=\"8558ea2\" data-element_type=\"widget\" data-widget_type=\"lae-heading.default\">\n\t\t\t\t<div class=\"elementor-widget-container\">\n\t\t\t\n<div class=\"lae-heading lae-style1 lae-alignleft \" >\n\n    <h2 class=\"lae-title\">TULPENHAUS<\/h2>\n\n    \n<\/div><!-- .lae-heading -->\t\t<\/div>\n\t\t\t\t<\/div>\n\t\t\t\t<section class=\"has_eae_slider elementor-section elementor-inner-section elementor-element elementor-element-a97e973 elementor-section-boxed elementor-section-height-default elementor-section-height-default\" data-id=\"a97e973\" data-element_type=\"section\">\n\t\t\t\t\t\t<div class=\"elementor-container elementor-column-gap-default\">\n\t\t\t\t\t\t\t<div class=\"elementor-row\">\n\t\t\t\t\t<div class=\"has_eae_slider elementor-column elementor-col-50 elementor-inner-column elementor-element elementor-element-49a745f\" data-id=\"49a745f\" data-element_type=\"column\">\n\t\t\t<div class=\"elementor-column-wrap elementor-element-populated\">\n\t\t\t\t\t\t\t<div class=\"elementor-widget-wrap\">\n\t\t\t\t\t\t<div class=\"elementor-element elementor-element-6045eb8 elementor-arrows-position-inside elementor-widget elementor-widget-image-carousel\" data-id=\"6045eb8\" data-element_type=\"widget\" data-settings=\"{&quot;slides_to_show&quot;:&quot;1&quot;,&quot;navigation&quot;:&quot;arrows&quot;,&quot;autoplay&quot;:&quot;yes&quot;,&quot;pause_on_hover&quot;:&quot;yes&quot;,&quot;pause_on_interaction&quot;:&quot;yes&quot;,&quot;autoplay_speed&quot;:5000,&quot;infinite&quot;:&quot;yes&quot;,&quot;effect&quot;:&quot;slide&quot;,&quot;speed&quot;:500}\" data-widget_type=\"image-carousel.default\">\n\t\t\t\t<div class=\"elementor-widget-container\">\n\t\t\t\t\t<div class=\"elementor-image-carousel-wrapper swiper-container\" dir=\"ltr\">\n\t\t\t<div class=\"elementor-image-carousel swiper-wrapper\">\n\t\t\t\t\t\t\t\t<div class=\"swiper-slide\"><a data-elementor-open-lightbox=\"yes\" data-elementor-lightbox-slideshow=\"6045eb8\" data-elementor-lightbox-title=\"tulipas_01\" e-action-hash=\"#elementor-action%3Aaction%3Dlightbox%26settings%3DeyJpZCI6NTcwLCJ1cmwiOiJodHRwczpcL1wveGlzdG9jYW1waW5nLmNvbVwvcG9ydGFsXC93cC1jb250ZW50XC91cGxvYWRzXC8yMDE5XC8wM1wvdHVsaXBhc18wMS5qcGciLCJzbGlkZXNob3ciOiI2MDQ1ZWI4In0%3D\" href=\"https:\/\/xistocamping.com\/portal\/wp-content\/uploads\/2019\/03\/tulipas_01.jpg\"><figure class=\"swiper-slide-inner\"><img class=\"swiper-slide-image\" src=\"https:\/\/xistocamping.com\/portal\/wp-content\/uploads\/2019\/03\/tulipas_01-768x576.jpg\" alt=\"tulipas_01\" \/><\/figure><\/a><\/div><div class=\"swiper-slide\"><a data-elementor-open-lightbox=\"yes\" data-elementor-lightbox-slideshow=\"6045eb8\" data-elementor-lightbox-title=\"tulipas_02\" e-action-hash=\"#elementor-action%3Aaction%3Dlightbox%26settings%3DeyJpZCI6NTcxLCJ1cmwiOiJodHRwczpcL1wveGlzdG9jYW1waW5nLmNvbVwvcG9ydGFsXC93cC1jb250ZW50XC91cGxvYWRzXC8yMDE5XC8wM1wvdHVsaXBhc18wMi5qcGciLCJzbGlkZXNob3ciOiI2MDQ1ZWI4In0%3D\" href=\"https:\/\/xistocamping.com\/portal\/wp-content\/uploads\/2019\/03\/tulipas_02.jpg\"><figure class=\"swiper-slide-inner\"><img class=\"swiper-slide-image\" src=\"https:\/\/xistocamping.com\/portal\/wp-content\/uploads\/2019\/03\/tulipas_02-768x576.jpg\" alt=\"tulipas_02\" \/><\/figure><\/a><\/div><div class=\"swiper-slide\"><a data-elementor-open-lightbox=\"yes\" data-elementor-lightbox-slideshow=\"6045eb8\" data-elementor-lightbox-title=\"tulipas_03\" e-action-hash=\"#elementor-action%3Aaction%3Dlightbox%26settings%3DeyJpZCI6NTcyLCJ1cmwiOiJodHRwczpcL1wveGlzdG9jYW1waW5nLmNvbVwvcG9ydGFsXC93cC1jb250ZW50XC91cGxvYWRzXC8yMDE5XC8wM1wvdHVsaXBhc18wMy5qcGciLCJzbGlkZXNob3ciOiI2MDQ1ZWI4In0%3D\" href=\"https:\/\/xistocamping.com\/portal\/wp-content\/uploads\/2019\/03\/tulipas_03.jpg\"><figure class=\"swiper-slide-inner\"><img class=\"swiper-slide-image\" src=\"https:\/\/xistocamping.com\/portal\/wp-content\/uploads\/2019\/03\/tulipas_03-768x576.jpg\" alt=\"tulipas_03\" \/><\/figure><\/a><\/div><div class=\"swiper-slide\"><a data-elementor-open-lightbox=\"yes\" data-elementor-lightbox-slideshow=\"6045eb8\" data-elementor-lightbox-title=\"tulipas_04\" e-action-hash=\"#elementor-action%3Aaction%3Dlightbox%26settings%3DeyJpZCI6NTczLCJ1cmwiOiJodHRwczpcL1wveGlzdG9jYW1waW5nLmNvbVwvcG9ydGFsXC93cC1jb250ZW50XC91cGxvYWRzXC8yMDE5XC8wM1wvdHVsaXBhc18wNC5qcGciLCJzbGlkZXNob3ciOiI2MDQ1ZWI4In0%3D\" href=\"https:\/\/xistocamping.com\/portal\/wp-content\/uploads\/2019\/03\/tulipas_04.jpg\"><figure class=\"swiper-slide-inner\"><img class=\"swiper-slide-image\" src=\"https:\/\/xistocamping.com\/portal\/wp-content\/uploads\/2019\/03\/tulipas_04-768x576.jpg\" alt=\"tulipas_04\" \/><\/figure><\/a><\/div><div class=\"swiper-slide\"><a data-elementor-open-lightbox=\"yes\" data-elementor-lightbox-slideshow=\"6045eb8\" data-elementor-lightbox-title=\"tulipas_05\" e-action-hash=\"#elementor-action%3Aaction%3Dlightbox%26settings%3DeyJpZCI6NTc0LCJ1cmwiOiJodHRwczpcL1wveGlzdG9jYW1waW5nLmNvbVwvcG9ydGFsXC93cC1jb250ZW50XC91cGxvYWRzXC8yMDE5XC8wM1wvdHVsaXBhc18wNS5qcGciLCJzbGlkZXNob3ciOiI2MDQ1ZWI4In0%3D\" href=\"https:\/\/xistocamping.com\/portal\/wp-content\/uploads\/2019\/03\/tulipas_05.jpg\"><figure class=\"swiper-slide-inner\"><img class=\"swiper-slide-image\" src=\"https:\/\/xistocamping.com\/portal\/wp-content\/uploads\/2019\/03\/tulipas_05-768x576.jpg\" alt=\"tulipas_05\" \/><\/figure><\/a><\/div><div class=\"swiper-slide\"><a data-elementor-open-lightbox=\"yes\" data-elementor-lightbox-slideshow=\"6045eb8\" data-elementor-lightbox-title=\"tulipas_06\" e-action-hash=\"#elementor-action%3Aaction%3Dlightbox%26settings%3DeyJpZCI6NTc1LCJ1cmwiOiJodHRwczpcL1wveGlzdG9jYW1waW5nLmNvbVwvcG9ydGFsXC93cC1jb250ZW50XC91cGxvYWRzXC8yMDE5XC8wM1wvdHVsaXBhc18wNi5qcGciLCJzbGlkZXNob3ciOiI2MDQ1ZWI4In0%3D\" href=\"https:\/\/xistocamping.com\/portal\/wp-content\/uploads\/2019\/03\/tulipas_06.jpg\"><figure class=\"swiper-slide-inner\"><img class=\"swiper-slide-image\" src=\"https:\/\/xistocamping.com\/portal\/wp-content\/uploads\/2019\/03\/tulipas_06-768x576.jpg\" alt=\"tulipas_06\" \/><\/figure><\/a><\/div><div class=\"swiper-slide\"><a data-elementor-open-lightbox=\"yes\" data-elementor-lightbox-slideshow=\"6045eb8\" data-elementor-lightbox-title=\"tulipas_07\" e-action-hash=\"#elementor-action%3Aaction%3Dlightbox%26settings%3DeyJpZCI6NTc2LCJ1cmwiOiJodHRwczpcL1wveGlzdG9jYW1waW5nLmNvbVwvcG9ydGFsXC93cC1jb250ZW50XC91cGxvYWRzXC8yMDE5XC8wM1wvdHVsaXBhc18wNy5qcGciLCJzbGlkZXNob3ciOiI2MDQ1ZWI4In0%3D\" href=\"https:\/\/xistocamping.com\/portal\/wp-content\/uploads\/2019\/03\/tulipas_07.jpg\"><figure class=\"swiper-slide-inner\"><img class=\"swiper-slide-image\" src=\"https:\/\/xistocamping.com\/portal\/wp-content\/uploads\/2019\/03\/tulipas_07-768x576.jpg\" alt=\"tulipas_07\" \/><\/figure><\/a><\/div><div class=\"swiper-slide\"><a data-elementor-open-lightbox=\"yes\" data-elementor-lightbox-slideshow=\"6045eb8\" data-elementor-lightbox-title=\"tulipas_08\" e-action-hash=\"#elementor-action%3Aaction%3Dlightbox%26settings%3DeyJpZCI6NTc3LCJ1cmwiOiJodHRwczpcL1wveGlzdG9jYW1waW5nLmNvbVwvcG9ydGFsXC93cC1jb250ZW50XC91cGxvYWRzXC8yMDE5XC8wM1wvdHVsaXBhc18wOC5qcGciLCJzbGlkZXNob3ciOiI2MDQ1ZWI4In0%3D\" href=\"https:\/\/xistocamping.com\/portal\/wp-content\/uploads\/2019\/03\/tulipas_08.jpg\"><figure class=\"swiper-slide-inner\"><img class=\"swiper-slide-image\" src=\"https:\/\/xistocamping.com\/portal\/wp-content\/uploads\/2019\/03\/tulipas_08-768x576.jpg\" alt=\"tulipas_08\" \/><\/figure><\/a><\/div><div class=\"swiper-slide\"><a data-elementor-open-lightbox=\"yes\" data-elementor-lightbox-slideshow=\"6045eb8\" data-elementor-lightbox-title=\"tulipas_09\" e-action-hash=\"#elementor-action%3Aaction%3Dlightbox%26settings%3DeyJpZCI6NTc4LCJ1cmwiOiJodHRwczpcL1wveGlzdG9jYW1waW5nLmNvbVwvcG9ydGFsXC93cC1jb250ZW50XC91cGxvYWRzXC8yMDE5XC8wM1wvdHVsaXBhc18wOS5qcGciLCJzbGlkZXNob3ciOiI2MDQ1ZWI4In0%3D\" href=\"https:\/\/xistocamping.com\/portal\/wp-content\/uploads\/2019\/03\/tulipas_09.jpg\"><figure class=\"swiper-slide-inner\"><img class=\"swiper-slide-image\" src=\"https:\/\/xistocamping.com\/portal\/wp-content\/uploads\/2019\/03\/tulipas_09-768x576.jpg\" alt=\"tulipas_09\" \/><\/figure><\/a><\/div><div class=\"swiper-slide\"><a data-elementor-open-lightbox=\"yes\" data-elementor-lightbox-slideshow=\"6045eb8\" data-elementor-lightbox-title=\"tulipas_10\" e-action-hash=\"#elementor-action%3Aaction%3Dlightbox%26settings%3DeyJpZCI6NTc5LCJ1cmwiOiJodHRwczpcL1wveGlzdG9jYW1waW5nLmNvbVwvcG9ydGFsXC93cC1jb250ZW50XC91cGxvYWRzXC8yMDE5XC8wM1wvdHVsaXBhc18xMC5qcGciLCJzbGlkZXNob3ciOiI2MDQ1ZWI4In0%3D\" href=\"https:\/\/xistocamping.com\/portal\/wp-content\/uploads\/2019\/03\/tulipas_10.jpg\"><figure class=\"swiper-slide-inner\"><img class=\"swiper-slide-image\" src=\"https:\/\/xistocamping.com\/portal\/wp-content\/uploads\/2019\/03\/tulipas_10-768x576.jpg\" alt=\"tulipas_10\" \/><\/figure><\/a><\/div><div class=\"swiper-slide\"><a data-elementor-open-lightbox=\"yes\" data-elementor-lightbox-slideshow=\"6045eb8\" data-elementor-lightbox-title=\"tulipas_11\" e-action-hash=\"#elementor-action%3Aaction%3Dlightbox%26settings%3DeyJpZCI6NTgwLCJ1cmwiOiJodHRwczpcL1wveGlzdG9jYW1waW5nLmNvbVwvcG9ydGFsXC93cC1jb250ZW50XC91cGxvYWRzXC8yMDE5XC8wM1wvdHVsaXBhc18xMS5qcGciLCJzbGlkZXNob3ciOiI2MDQ1ZWI4In0%3D\" href=\"https:\/\/xistocamping.com\/portal\/wp-content\/uploads\/2019\/03\/tulipas_11.jpg\"><figure class=\"swiper-slide-inner\"><img class=\"swiper-slide-image\" src=\"https:\/\/xistocamping.com\/portal\/wp-content\/uploads\/2019\/03\/tulipas_11-768x576.jpg\" alt=\"tulipas_11\" \/><\/figure><\/a><\/div><div class=\"swiper-slide\"><a data-elementor-open-lightbox=\"yes\" data-elementor-lightbox-slideshow=\"6045eb8\" data-elementor-lightbox-title=\"tulipas_12\" e-action-hash=\"#elementor-action%3Aaction%3Dlightbox%26settings%3DeyJpZCI6NTgxLCJ1cmwiOiJodHRwczpcL1wveGlzdG9jYW1waW5nLmNvbVwvcG9ydGFsXC93cC1jb250ZW50XC91cGxvYWRzXC8yMDE5XC8wM1wvdHVsaXBhc18xMi5qcGciLCJzbGlkZXNob3ciOiI2MDQ1ZWI4In0%3D\" href=\"https:\/\/xistocamping.com\/portal\/wp-content\/uploads\/2019\/03\/tulipas_12.jpg\"><figure class=\"swiper-slide-inner\"><img class=\"swiper-slide-image\" src=\"https:\/\/xistocamping.com\/portal\/wp-content\/uploads\/2019\/03\/tulipas_12-768x576.jpg\" alt=\"tulipas_12\" \/><\/figure><\/a><\/div>\t\t\t<\/div>\n\t\t\t\t\t\t\t\t\t\t\t\t\t\t\t\t<div class=\"elementor-swiper-button elementor-swiper-button-prev\">\n\t\t\t\t\t\t<i aria-hidden=\"true\" class=\"eicon-chevron-left\"><\/i>\t\t\t\t\t\t<span class=\"elementor-screen-only\">Anterior<\/span>\n\t\t\t\t\t<\/div>\n\t\t\t\t\t<div class=\"elementor-swiper-button elementor-swiper-button-next\">\n\t\t\t\t\t\t<i aria-hidden=\"true\" class=\"eicon-chevron-right\"><\/i>\t\t\t\t\t\t<span class=\"elementor-screen-only\">Seguinte<\/span>\n\t\t\t\t\t<\/div>\n\t\t\t\t\t\t\t\t\t<\/div>\n\t\t\t\t<\/div>\n\t\t\t\t<\/div>\n\t\t\t\t\t\t<\/div>\n\t\t\t\t\t<\/div>\n\t\t<\/div>\n\t\t\t\t<div class=\"has_eae_slider elementor-column elementor-col-50 elementor-inner-column elementor-element elementor-element-b0c1979\" data-id=\"b0c1979\" data-element_type=\"column\">\n\t\t\t<div class=\"elementor-column-wrap elementor-element-populated\">\n\t\t\t\t\t\t\t<div class=\"elementor-widget-wrap\">\n\t\t\t\t\t\t<div class=\"elementor-element elementor-element-d1f3b67 elementor-widget elementor-widget-text-editor\" data-id=\"d1f3b67\" data-element_type=\"widget\" data-widget_type=\"text-editor.default\">\n\t\t\t\t<div class=\"elementor-widget-container\">\n\t\t\t\t\t\t\t\t<div class=\"elementor-text-editor elementor-clearfix\">\n\t\t\t\t<p><strong>BERUF<\/strong><\/p><ul><li>1 Schlafzimmer mit Doppelbett<\/li><li><strong>Kapazit\u00e4t:<\/strong> 2 Personen + 2 extra<\/li><li>Parkplatz f\u00fcr 1 Auto<\/li><\/ul><p><strong>HAUSTEILUNGEN<\/strong><\/p><ul><li>K\u00fcche<\/li><li>Wohnzimmer<\/li><li>Toilette<\/li><\/ul><p><strong>AUSSTATTUNG:<\/strong><\/p><ul><li>K\u00fchlschrank, Herd und Mikrowelle;<\/li><li>Klimaanlage, satellitenfernsehen und Wifi<\/li><li>Bettw\u00e4sche und Handt\u00fccher<\/li><\/ul>\t\t\t\t\t<\/div>\n\t\t\t\t\t\t<\/div>\n\t\t\t\t<\/div>\n\t\t\t\t\t\t<\/div>\n\t\t\t\t\t<\/div>\n\t\t<\/div>\n\t\t\t\t\t\t\t\t<\/div>\n\t\t\t\t\t<\/div>\n\t\t<\/section>\n\t\t\t\t<section class=\"has_eae_slider elementor-section elementor-inner-section elementor-element elementor-element-73ebb68 elementor-section-boxed elementor-section-height-default elementor-section-height-default\" data-id=\"73ebb68\" data-element_type=\"section\">\n\t\t\t\t\t\t<div class=\"elementor-container elementor-column-gap-default\">\n\t\t\t\t\t\t\t<div class=\"elementor-row\">\n\t\t\t\t\t<div class=\"has_eae_slider elementor-column elementor-col-100 elementor-inner-column elementor-element elementor-element-7d1c225\" data-id=\"7d1c225\" data-element_type=\"column\">\n\t\t\t<div class=\"elementor-column-wrap elementor-element-populated\">\n\t\t\t\t\t\t\t<div class=\"elementor-widget-wrap\">\n\t\t\t\t\t\t<div class=\"elementor-element elementor-element-5e4c191 elementor-widget elementor-widget-text-editor\" data-id=\"5e4c191\" data-element_type=\"widget\" data-widget_type=\"text-editor.default\">\n\t\t\t\t<div class=\"elementor-widget-container\">\n\t\t\t\t\t\t\t\t<div class=\"elementor-text-editor elementor-clearfix\">\n\t\t\t\t<p><strong>BUCHUNGSBEDINGUNGEN:<\/strong><\/p><ul><li><strong>Buchungsbest\u00e4tigun:<\/strong> 50% Anzahlung des gesamten Aufenthalts;<\/li><li><strong>Check In:<\/strong> \u200b\u200bvon 15h00m;<\/li><li><strong>Check out:<\/strong> bis 12:00 Uhr;<\/li><li><strong>Sp\u00e4ter Check-out:<\/strong> vorbehaltlich der Genehmigung. Es impliziert die Zahlung von 50% des Tagessatzes.<\/li><\/ul><p><strong>STORNIERUNGEN:<\/strong><\/p><ul><li><strong>Bis zu 5 Tage ab Buchungsdatum:<\/strong> Anzahlung f\u00fcr zuk\u00fcnftige Nutzung innerhalb von 6 Monaten;<\/li><li><strong>Weniger als 5 Tage vor dem Reservierungsdatum:<\/strong> &#8220;No show&#8221;, ohne R\u00fcckerstattung des Signals.<\/li><\/ul>\t\t\t\t\t<\/div>\n\t\t\t\t\t\t<\/div>\n\t\t\t\t<\/div>\n\t\t\t\t\t\t<\/div>\n\t\t\t\t\t<\/div>\n\t\t<\/div>\n\t\t\t\t\t\t\t\t<\/div>\n\t\t\t\t\t<\/div>\n\t\t<\/section>\n\t\t\t\t<div class=\"elementor-element elementor-element-12572ab elementor-widget elementor-widget-shortcode\" data-id=\"12572ab\" data-element_type=\"widget\" data-widget_type=\"shortcode.default\">\n\t\t\t\t<div class=\"elementor-widget-container\">\n\t\t\t\t\t<div class=\"elementor-shortcode\">[hb_booking_form]<\/div>\n\t\t\t\t<\/div>\n\t\t\t\t<\/div>\n\t\t\t\t\t\t<\/div>\n\t\t\t\t\t<\/div>\n\t\t<\/div>\n\t\t\t\t\t\t\t\t<\/div>\n\t\t\t\t\t<\/div>\n\t\t<\/section>\n\t\t\t\t\t\t<\/div>\n\t\t\t\t\t\t<\/div>\n\t\t\t\t\t<\/div>\n\t\t","protected":false},"excerpt":{"rendered":"<p>TULPENHAUS Zur\u00fcck Weiter BERUF 1 Schlafzimmer mit Doppelbett Kapazit\u00e4t: 2 Personen + 2 extra Parkplatz f\u00fcr 1 Auto HAUSTEILUNGEN K\u00fcche Wohnzimmer Toilette AUSSTATTUNG: K\u00fchlschrank, Herd und Mikrowelle; Klimaanlage, satellitenfernsehen und Wifi Bettw\u00e4sche und Handt\u00fccher BUCHUNGSBEDINGUNGEN: Buchungsbest\u00e4tigun: 50% Anzahlung des gesamten Aufenthalts; Check In: \u200b\u200bvon 15h00m; Check out: bis 12:00 Uhr; Sp\u00e4ter Check-out: vorbehaltlich der Genehmigung. &hellip;<\/p>\n<p class=\"read-more\"> <a class=\"\" href=\"https:\/\/xistocamping.com\/portal\/de\/unterkunft-2\/tulpenhaus\/\"> <span class=\"screen-reader-text\">Tulpenhaus<\/span> Read More &raquo;<\/a><\/p>\n","protected":false},"author":1,"featured_media":0,"parent":773,"menu_order":6,"comment_status":"closed","ping_status":"closed","template":"elementor_canvas","meta":{"site-sidebar-layout":"no-sidebar","site-content-layout":"page-builder","ast-main-header-display":"","ast-hfb-above-header-display":"","ast-hfb-below-header-display":"","ast-hfb-mobile-header-display":"","site-post-title":"disabled","ast-breadcrumbs-content":"","ast-featured-img":"disabled","footer-sml-layout":"","theme-transparent-header-meta":"default","adv-header-id-meta":"","stick-header-meta":"","header-above-stick-meta":"","header-main-stick-meta":"","header-below-stick-meta":""},"_links":{"self":[{"href":"https:\/\/xistocamping.com\/portal\/wp-json\/wp\/v2\/pages\/1498"}],"collection":[{"href":"https:\/\/xistocamping.com\/portal\/wp-json\/wp\/v2\/pages"}],"about":[{"href":"https:\/\/xistocamping.com\/portal\/wp-json\/wp\/v2\/types\/page"}],"author":[{"embeddable":true,"href":"https:\/\/xistocamping.com\/portal\/wp-json\/wp\/v2\/users\/1"}],"replies":[{"embeddable":true,"href":"https:\/\/xistocamping.com\/portal\/wp-json\/wp\/v2\/comments?post=1498"}],"version-history":[{"count":5,"href":"https:\/\/xistocamping.com\/portal\/wp-json\/wp\/v2\/pages\/1498\/revisions"}],"predecessor-version":[{"id":1720,"href":"https:\/\/xistocamping.com\/portal\/wp-json\/wp\/v2\/pages\/1498\/revisions\/1720"}],"up":[{"embeddable":true,"href":"https:\/\/xistocamping.com\/portal\/wp-json\/wp\/v2\/pages\/773"}],"wp:attachment":[{"href":"https:\/\/xistocamping.com\/portal\/wp-json\/wp\/v2\/media?parent=1498"}],"curies":[{"name":"wp","href":"https:\/\/api.w.org\/{rel}","templated":true}]}}